{"id":155,"date":"2026-01-23T04:17:59","date_gmt":"2026-01-23T03:17:59","guid":{"rendered":"http:\/\/inpol.online\/?page_id=155"},"modified":"2026-01-23T04:19:17","modified_gmt":"2026-01-23T03:19:17","slug":"certyfikaty","status":"publish","type":"page","link":"https:\/\/inpol.online\/?page_id=155","title":{"rendered":"Certyfikaty"},"content":{"rendered":"\n<h2 class=\"wp-block-heading\">Certyfikaty<\/h2>\n\n\n\n<p>Jako\u015b\u0107 naszych wyrob\u00f3w potwierdzaj\u0105 krajowe i mi\u0119dzynarodowe certyfikaty<\/p>\n\n\n\n<figure class=\"wp-block-gallery has-nested-images columns-default is-cropped wp-block-gallery-1 is-layout-flex wp-block-gallery-is-layout-flex\">\n<figure class=\"wp-block-image size-large\"><img loading=\"lazy\" decoding=\"async\" width=\"724\" height=\"1024\" data-id=\"156\" src=\"http:\/\/inpol.online\/wp-content\/uploads\/2026\/01\/Cert_1090_CZ-724x1024.jpg\" alt=\"\" class=\"wp-image-156\" srcset=\"https:\/\/inpol.online\/wp-content\/uploads\/2026\/01\/Cert_1090_CZ-724x1024.jpg 724w, https:\/\/inpol.online\/wp-content\/uploads\/2026\/01\/Cert_1090_CZ-212x300.jpg 212w, https:\/\/inpol.online\/wp-content\/uploads\/2026\/01\/Cert_1090_CZ-768x1086.jpg 768w, https:\/\/inpol.online\/wp-content\/uploads\/2026\/01\/Cert_1090_CZ-1086x1536.jpg 1086w, https:\/\/inpol.online\/wp-content\/uploads\/2026\/01\/Cert_1090_CZ.jpg 1364w\" sizes=\"auto, (max-width: 724px) 100vw, 724px\" \/><\/figure>\n\n\n\n<figure class=\"wp-block-image size-large\"><img loading=\"lazy\" decoding=\"async\" width=\"724\" height=\"1024\" data-id=\"157\" src=\"http:\/\/inpol.online\/wp-content\/uploads\/2026\/01\/cert_3834_CZ-724x1024.jpg\" alt=\"\" class=\"wp-image-157\" srcset=\"https:\/\/inpol.online\/wp-content\/uploads\/2026\/01\/cert_3834_CZ-724x1024.jpg 724w, https:\/\/inpol.online\/wp-content\/uploads\/2026\/01\/cert_3834_CZ-212x300.jpg 212w, https:\/\/inpol.online\/wp-content\/uploads\/2026\/01\/cert_3834_CZ-768x1086.jpg 768w, https:\/\/inpol.online\/wp-content\/uploads\/2026\/01\/cert_3834_CZ-1087x1536.jpg 1087w, https:\/\/inpol.online\/wp-content\/uploads\/2026\/01\/cert_3834_CZ.jpg 1388w\" sizes=\"auto, (max-width: 724px) 100vw, 724px\" \/><\/figure>\n\n\n\n<figure class=\"wp-block-image size-large\"><img loading=\"lazy\" decoding=\"async\" width=\"724\" height=\"1024\" data-id=\"158\" src=\"http:\/\/inpol.online\/wp-content\/uploads\/2026\/01\/Cert_9001_CZ-724x1024.jpg\" alt=\"\" class=\"wp-image-158\" srcset=\"https:\/\/inpol.online\/wp-content\/uploads\/2026\/01\/Cert_9001_CZ-724x1024.jpg 724w, https:\/\/inpol.online\/wp-content\/uploads\/2026\/01\/Cert_9001_CZ-212x300.jpg 212w, https:\/\/inpol.online\/wp-content\/uploads\/2026\/01\/Cert_9001_CZ-768x1086.jpg 768w, https:\/\/inpol.online\/wp-content\/uploads\/2026\/01\/Cert_9001_CZ-1086x1536.jpg 1086w, https:\/\/inpol.online\/wp-content\/uploads\/2026\/01\/Cert_9001_CZ.jpg 1356w\" sizes=\"auto, (max-width: 724px) 100vw, 724px\" \/><\/figure>\n<\/figure>\n","protected":false},"excerpt":{"rendered":"<p>Certyfikaty Jako\u015b\u0107 naszych wyrob\u00f3w potwierdzaj\u0105 krajowe i mi\u0119dzynarodowe certyfikaty<\/p>\n","protected":false},"author":1,"featured_media":0,"parent":0,"menu_order":0,"comment_status":"closed","ping_status":"closed","template":"","meta":{"footnotes":""},"class_list":["post-155","page","type-page","status-publish","hentry"],"_links":{"self":[{"href":"https:\/\/inpol.online\/index.php?rest_route=\/wp\/v2\/pages\/155","targetHints":{"allow":["GET"]}}],"collection":[{"href":"https:\/\/inpol.online\/index.php?rest_route=\/wp\/v2\/pages"}],"about":[{"href":"https:\/\/inpol.online\/index.php?rest_route=\/wp\/v2\/types\/page"}],"author":[{"embeddable":true,"href":"https:\/\/inpol.online\/index.php?rest_route=\/wp\/v2\/users\/1"}],"replies":[{"embeddable":true,"href":"https:\/\/inpol.online\/index.php?rest_route=%2Fwp%2Fv2%2Fcomments&post=155"}],"version-history":[{"count":2,"href":"https:\/\/inpol.online\/index.php?rest_route=\/wp\/v2\/pages\/155\/revisions"}],"predecessor-version":[{"id":161,"href":"https:\/\/inpol.online\/index.php?rest_route=\/wp\/v2\/pages\/155\/revisions\/161"}],"wp:attachment":[{"href":"https:\/\/inpol.online\/index.php?rest_route=%2Fwp%2Fv2%2Fmedia&parent=155"}],"curies":[{"name":"wp","href":"https:\/\/api.w.org\/{rel}","templated":true}]}}