{"id":9,"date":"2026-01-20T10:59:27","date_gmt":"2026-01-20T09:59:27","guid":{"rendered":"http:\/\/inpol.online\/?page_id=9"},"modified":"2026-02-17T13:58:28","modified_gmt":"2026-02-17T12:58:28","slug":"about-us","status":"publish","type":"page","link":"https:\/\/inpol.online\/?page_id=9","title":{"rendered":"O Firmie"},"content":{"rendered":"\n<h2 class=\"wp-block-heading\">O Firmie<\/h2>\n\n\n<div class=\"wp-block-image\">\n<figure class=\"alignleft size-full\"><img loading=\"lazy\" decoding=\"async\" width=\"200\" height=\"75\" src=\"http:\/\/inpol.online\/wp-content\/uploads\/2026\/01\/cropped-logoinpolmale.png\" alt=\"\" class=\"wp-image-74\"\/><\/figure>\n<\/div>\n\n<p>Firma Inpol zosta\u0142a za\u0142o\u017cona w 1989 roku i jest liderem w\u015br\u00f3d firm z bran\u017cy wyrob\u00f3w hutniczych. Nasza siedziba znajduje si\u0119 w Tarnowskich G\u00f3rach.\u00a0Zajmujemy si\u0119 sprzeda\u017c\u0105 krat pomostowych. Jeste\u015bmy autoryzowanym przedstawicielem czeskiej firmy Lichtgitter Gruppe.<br \/>Naszym klientom oferujemy wysokiej jako\u015bci kraty pomostowe \u2013 zgrzewane, prasowane, schodowe, oraz uchwyty i mocowania do nich.<br \/>W chwili obecnej wprowadzamy nowy asortyment krat pomostowych z mas plastycznych.<br \/>Zach\u0119camy do zapoznania si\u0119 z nasz\u0105 ofert\u0105 w tym zakresie.<br \/>Zapraszamy do wsp\u00f3\u0142pracy.<\/p>\n\n\n<p><\/p>\n","protected":false},"excerpt":{"rendered":"<p>O Firmie Firma Inpol zosta\u0142a za\u0142o\u017cona w 1989 roku i jest liderem w\u015br\u00f3d firm z bran\u017cy wyrob\u00f3w hutniczych. Nasza siedziba znajduje si\u0119 w Tarnowskich G\u00f3rach.\u00a0Zajmujemy si\u0119 sprzeda\u017c\u0105 krat pomostowych. Jeste\u015bmy autoryzowanym przedstawicielem czeskiej firmy Lichtgitter Gruppe.Naszym klientom oferujemy wysokiej jako\u015bci kraty pomostowe \u2013 zgrzewane, prasowane, schodowe, oraz uchwyty i mocowania do nich.W chwili obecnej wprowadzamy [&hellip;]<\/p>\n","protected":false},"author":1,"featured_media":0,"parent":0,"menu_order":0,"comment_status":"closed","ping_status":"closed","template":"","meta":{"footnotes":""},"class_list":["post-9","page","type-page","status-publish","hentry"],"_links":{"self":[{"href":"https:\/\/inpol.online\/index.php?rest_route=\/wp\/v2\/pages\/9","targetHints":{"allow":["GET"]}}],"collection":[{"href":"https:\/\/inpol.online\/index.php?rest_route=\/wp\/v2\/pages"}],"about":[{"href":"https:\/\/inpol.online\/index.php?rest_route=\/wp\/v2\/types\/page"}],"author":[{"embeddable":true,"href":"https:\/\/inpol.online\/index.php?rest_route=\/wp\/v2\/users\/1"}],"replies":[{"embeddable":true,"href":"https:\/\/inpol.online\/index.php?rest_route=%2Fwp%2Fv2%2Fcomments&post=9"}],"version-history":[{"count":7,"href":"https:\/\/inpol.online\/index.php?rest_route=\/wp\/v2\/pages\/9\/revisions"}],"predecessor-version":[{"id":197,"href":"https:\/\/inpol.online\/index.php?rest_route=\/wp\/v2\/pages\/9\/revisions\/197"}],"wp:attachment":[{"href":"https:\/\/inpol.online\/index.php?rest_route=%2Fwp%2Fv2%2Fmedia&parent=9"}],"curies":[{"name":"wp","href":"https:\/\/api.w.org\/{rel}","templated":true}]}}